{"id":39,"date":"2022-11-16T11:40:13","date_gmt":"2022-11-16T11:40:13","guid":{"rendered":"https:\/\/relaunch.raschweden.de\/?page_id=39"},"modified":"2022-11-21T10:09:08","modified_gmt":"2022-11-21T10:09:08","slug":"impressum","status":"publish","type":"page","link":"https:\/\/www.raschweden.de\/index.php\/impressum\/","title":{"rendered":"Impressum"},"content":{"rendered":"\t\t<div data-elementor-type=\"wp-page\" data-elementor-id=\"39\" class=\"elementor elementor-39\">\n\t\t\t\t\t\t<section class=\"elementor-section elementor-top-section elementor-element elementor-element-7b49134 elementor-section-boxed elementor-section-height-default elementor-section-height-default\" data-id=\"7b49134\" data-element_type=\"section\">\n\t\t\t\t\t\t<div class=\"elementor-container elementor-column-gap-default\">\n\t\t\t\t\t<div class=\"elementor-column elementor-col-100 elementor-top-column elementor-element elementor-element-7a400442\" data-id=\"7a400442\" data-element_type=\"column\">\n\t\t\t<div class=\"elementor-widget-wrap elementor-element-populated\">\n\t\t\t\t\t\t<div class=\"elementor-element elementor-element-2751404f elementor-widget elementor-widget-text-editor\" data-id=\"2751404f\" data-element_type=\"widget\" data-widget_type=\"text-editor.default\">\n\t\t\t\t<div class=\"elementor-widget-container\">\n\t\t\t\t\t\t\t<p><strong>Rechtsanwalt<\/strong><\/p><p>Joachim Peter Schweden<br \/>Geschwister-Scholl-Str. 51<br \/>51377 Leverkusen<\/p><p>Telefon: 0214 \u2013 31 00 930<br \/>Telefax: 0214 \u2013 31 00 932<\/p><p>E-Mail: <u><a href=\"mailto:info@RASchweden.de\">info@RASchweden.de<\/a><\/u><\/p><p>Internet: <a href=\"http:\/\/www.RASchweden.de\" target=\"_blank\" rel=\"noopener\"><u>www.RASchweden.de<\/u><\/a><\/p><p>Gerichtsfach AG Lev 742<\/p><p><strong>Mitglied bei der Rechtsanwaltskammer K\u00f6ln<\/strong><br \/>Riehler Stra\u00dfe 30<br \/>50668 K\u00f6ln<\/p><p>Tel. 0221-97 30 10-0<br \/>Fax. 0221-97 30 10-50<br \/><a href=\"http:\/\/www.rak-koeln.de\" target=\"_blank\" rel=\"noopener\">www.rak-koeln.de<\/a><\/p><p>Die Berufsbezeichnung Rechtsanwalt wurde Joachim Peter Schweden von der nordrhein-westf\u00e4lischen Landesjustizverwaltung \u00fcber die Rechtsanwaltskammer K\u00f6ln verliehen. Zust\u00e4ndige Aufsichtsbeh\u00f6rde ist ebenfalls die Rechtsanwaltskammer K\u00f6ln.<\/p><p>Es gelten folgende Geb\u00fchren- und Berufsordnungen:<br \/>BRAO &#8211; Bundesrechtsanwaltsordnung<br \/>RVG &#8211; Rechtsanwaltsverg\u00fctungsgesetz<br \/>BORA &#8211; Berufsordnung f\u00fcr Rechtsanw\u00e4lte<br \/>Berufsregeln der Rechtsanw\u00e4lte der Europ\u00e4ischen Union (CCBE)<\/p><p>Die vorbezeichneten Vorschriften finden Sie im Internet u.a. bei der Bundesrechtsanwaltskammer (BRAK) unter <a href=\"http:\/\/www.brak.de\" target=\"_blank\" rel=\"noopener\">www.brak.de<\/a> in der Rubrik &#8222;Berufsrecht&#8220; auf Deutsch und Englisch.<\/p><p><strong>Berufshaftpflichtversicherung:<\/strong><br \/>Allianz \u2013 Versicherung AG<\/p><p>Der Versicherungsschutz bezieht sich nicht auf Haftpflichtanspr\u00fcche, aus T\u00e4tigkeiten<br \/>a) \u00fcber in anderen Staaten eingerichtete oder unterhaltene Kanzleien oder B\u00fcros;<br \/>b) im Zusammenhang mit der Beratung und Besch\u00e4ftigung mit au\u00dfereurop\u00e4ischem Recht;<br \/>c) des Rechtsanwalts vor au\u00dfereurop\u00e4ischen Gerichten.<br \/>Die Leistungen des Versicherers erfolgen auch bei mitversicherten Auslandsrisiken in Euro. Die Verpflichtung des Versicherers gilt mit dem Zeitpunkt als erf\u00fcllt, in dem der Euro-Betrag bei einem inl\u00e4ndischen Geldinstitut angewiesen ist.<\/p><p><strong>Au\u00dfergerichtliche Streitschlichtung<\/strong><\/p><p><u>Hinweis f\u00fcr Online-Dienstvertr\u00e4gen:<\/u><br \/>Es besteht eine Plattform der EU zur au\u00dfergerichtlichen Online-Streitbeilegung unter <a href=\"http:\/\/ec.europa.eu\/consumers\/odr\/\" target=\"_blank\" rel=\"noopener\">http:\/\/ec.europa.eu\/consumers\/odr\/<\/a>.<\/p><p><u>Hinweis nach dem Verbraucherstreitbeilegungsgesetz (VSBG):<\/u><br \/>Bei Streitigkeiten zwischen Rechtsanw\u00e4lten und ihren Auftraggebern besteht auf Antrag die M\u00f6glichkeit der au\u00dfergerichtlichen Streitschlichtung (\u00a7 191f BRAO) bei der Schlichtungsstelle der Rechtsanwaltschaft, im Internet zu finden unter <a href=\"http:\/\/www.s-d-r.org\" target=\"_blank\" rel=\"noopener\">www.s-d-r.org<\/a>, angesiedelt bei der Bundesrechtsanwaltskammer (www.brak.de). Wir erkl\u00e4ren uns bereit, an einem solchen Verfahren teilzunehmen.<\/p><p><strong>Informationen und Haftung<\/strong><br \/>Um die Richtigkeit der auf dieser Website enthaltenen Informationen und Links zu gew\u00e4hrleisten, habe ich alle Anstrengungen unternommen. Gleichwohl ist jegliche Haftung im Zusammenhang mit der Nutzung der Informationen, der Links oder dem Vertrauen auf deren Richtigkeit ausgeschlossen. Ich stelle ausdr\u00fccklich klar, dass die auf dieser Website enthaltenen Informationen keine Rechtsberatung darstellen.<\/p>\t\t\t\t\t\t<\/div>\n\t\t\t\t<\/div>\n\t\t\t\t\t<\/div>\n\t\t<\/div>\n\t\t\t\t\t<\/div>\n\t\t<\/section>\n\t\t\t\t<\/div>\n\t\t","protected":false},"excerpt":{"rendered":"<p>Rechtsanwalt Joachim Peter SchwedenGeschwister-Scholl-Str. 5151377 Leverkusen Telefon: 0214 \u2013 31 00 930Telefax: 0214 \u2013 31 00 932 E-Mail: info@RASchweden.de Internet: www.RASchweden.de Gerichtsfach AG Lev 742 Mitglied bei der Rechtsanwaltskammer K\u00f6lnRiehler Stra\u00dfe 3050668 K\u00f6ln Tel. 0221-97 30 10-0Fax. 0221-97 30 10-50www.rak-koeln.de Die Berufsbezeichnung Rechtsanwalt wurde Joachim Peter Schweden von der nordrhein-westf\u00e4lischen Landesjustizverwaltung \u00fcber die Rechtsanwaltskammer K\u00f6ln [&hellip;]<\/p>\n","protected":false},"author":1,"featured_media":0,"parent":0,"menu_order":0,"comment_status":"closed","ping_status":"closed","template":"","meta":{"ocean_post_layout":"","ocean_both_sidebars_style":"","ocean_both_sidebars_content_width":0,"ocean_both_sidebars_sidebars_width":0,"ocean_sidebar":"0","ocean_second_sidebar":"0","ocean_disable_margins":"enable","ocean_add_body_class":"","ocean_shortcode_before_top_bar":"","ocean_shortcode_after_top_bar":"","ocean_shortcode_before_header":"","ocean_shortcode_after_header":"","ocean_has_shortcode":"","ocean_shortcode_after_title":"","ocean_shortcode_before_footer_widgets":"","ocean_shortcode_after_footer_widgets":"","ocean_shortcode_before_footer_bottom":"","ocean_shortcode_after_footer_bottom":"","ocean_display_top_bar":"on","ocean_display_header":"on","ocean_header_style":"","ocean_center_header_left_menu":"0","ocean_custom_header_template":"0","ocean_custom_logo":0,"ocean_custom_retina_logo":0,"ocean_custom_logo_max_width":0,"ocean_custom_logo_tablet_max_width":0,"ocean_custom_logo_mobile_max_width":0,"ocean_custom_logo_max_height":0,"ocean_custom_logo_tablet_max_height":0,"ocean_custom_logo_mobile_max_height":0,"ocean_header_custom_menu":"0","ocean_menu_typo_font_family":"0","ocean_menu_typo_font_subset":"","ocean_menu_typo_font_size":0,"ocean_menu_typo_font_size_tablet":0,"ocean_menu_typo_font_size_mobile":0,"ocean_menu_typo_font_size_unit":"px","ocean_menu_typo_font_weight":"","ocean_menu_typo_font_weight_tablet":"","ocean_menu_typo_font_weight_mobile":"","ocean_menu_typo_transform":"","ocean_menu_typo_transform_tablet":"","ocean_menu_typo_transform_mobile":"","ocean_menu_typo_line_height":0,"ocean_menu_typo_line_height_tablet":0,"ocean_menu_typo_line_height_mobile":0,"ocean_menu_typo_line_height_unit":"","ocean_menu_typo_spacing":0,"ocean_menu_typo_spacing_tablet":0,"ocean_menu_typo_spacing_mobile":0,"ocean_menu_typo_spacing_unit":"","ocean_menu_link_color":"","ocean_menu_link_color_hover":"","ocean_menu_link_color_active":"","ocean_menu_link_background":"","ocean_menu_link_hover_background":"","ocean_menu_link_active_background":"","ocean_menu_social_links_bg":"","ocean_menu_social_hover_links_bg":"","ocean_menu_social_links_color":"","ocean_menu_social_hover_links_color":"","ocean_disable_title":"on","ocean_disable_heading":"enable","ocean_post_title":"","ocean_post_subheading":"","ocean_post_title_style":"","ocean_post_title_background_color":"","ocean_post_title_background":0,"ocean_post_title_bg_image_position":"","ocean_post_title_bg_image_attachment":"","ocean_post_title_bg_image_repeat":"","ocean_post_title_bg_image_size":"","ocean_post_title_height":0,"ocean_post_title_bg_overlay":0.5,"ocean_post_title_bg_overlay_color":"","ocean_disable_breadcrumbs":"default","ocean_breadcrumbs_color":"","ocean_breadcrumbs_separator_color":"","ocean_breadcrumbs_links_color":"","ocean_breadcrumbs_links_hover_color":"","ocean_display_footer_widgets":"default","ocean_display_footer_bottom":"default","ocean_custom_footer_template":"0","footnotes":""},"class_list":["post-39","page","type-page","status-publish","hentry","entry"],"_links":{"self":[{"href":"https:\/\/www.raschweden.de\/index.php\/wp-json\/wp\/v2\/pages\/39","targetHints":{"allow":["GET"]}}],"collection":[{"href":"https:\/\/www.raschweden.de\/index.php\/wp-json\/wp\/v2\/pages"}],"about":[{"href":"https:\/\/www.raschweden.de\/index.php\/wp-json\/wp\/v2\/types\/page"}],"author":[{"embeddable":true,"href":"https:\/\/www.raschweden.de\/index.php\/wp-json\/wp\/v2\/users\/1"}],"replies":[{"embeddable":true,"href":"https:\/\/www.raschweden.de\/index.php\/wp-json\/wp\/v2\/comments?post=39"}],"version-history":[{"count":13,"href":"https:\/\/www.raschweden.de\/index.php\/wp-json\/wp\/v2\/pages\/39\/revisions"}],"predecessor-version":[{"id":201,"href":"https:\/\/www.raschweden.de\/index.php\/wp-json\/wp\/v2\/pages\/39\/revisions\/201"}],"wp:attachment":[{"href":"https:\/\/www.raschweden.de\/index.php\/wp-json\/wp\/v2\/media?parent=39"}],"curies":[{"name":"wp","href":"https:\/\/api.w.org\/{rel}","templated":true}]}}